{"id":3463,"date":"2017-07-19T18:07:38","date_gmt":"2017-07-19T16:07:38","guid":{"rendered":"http:\/\/www.elements.co.at\/?page_id=3463"},"modified":"2017-07-21T09:53:07","modified_gmt":"2017-07-21T07:53:07","slug":"silvia-weigl","status":"publish","type":"page","link":"http:\/\/www.elements.co.at\/augentraining\/silvia-weigl\/","title":{"rendered":"Silvia Weigl"},"content":{"rendered":"<p>[et_pb_section bb_built=&#8220;1&#8243; _builder_version=&#8220;3.0.47&#8243;][et_pb_row _builder_version=&#8220;3.0.47&#8243; background_size=&#8220;initial&#8220; background_position=&#8220;top_left&#8220; background_repeat=&#8220;repeat&#8220;][et_pb_column type=&#8220;1_3&#8243;][et_pb_image src=&#8220;http:\/\/www.elements.co.at\/wp-content\/uploads\/2017\/07\/Silvia_Weigl_Golf.png&#8220; _builder_version=&#8220;3.0.63&#8243; \/][\/et_pb_column][et_pb_column type=&#8220;2_3&#8243;][et_pb_text _builder_version=&#8220;3.0.63&#8243; background_layout=&#8220;light&#8220; text_orientation=&#8220;left&#8220; border_style=&#8220;solid&#8220;]<\/p>\n<p>Mag. Silvia Weigl hat in Graz Sportwissenschaften studiert und durch Ihre Leidenschaft zum Sport einen wunderbaren Bezug zum physischen K\u00f6rper als auch zu diversen Trainingsmethoden entwickelt.<\/p>\n<p>Nach Abschluss des Studiums hat sie in ihrer langj\u00e4hrigen T\u00e4tigkeit im Management eines gro\u00dfen Sportartikelkonzerns erfahren wie wichtig Disziplin und Ausdauer sind, um Erfolgreich und Leistungsf\u00e4hig und gesund zu sein. Doch auch Spa\u00df am Leben zu haben und die mentale Einstellung sind entscheidende Erfolgsfaktoren zur Umsetzung von vielen Visionen.<\/p>\n<p>Seit \u00fcber 15 Jahren bietet sie selbst\u00e4ndig Kurse und Einzelcoaching und Personaltraining f\u00fcr gesundheitliche Aspekte, besonders in der Wirbels\u00e4ulen- und Trainingstherapie, als Coach bei diversen Problemen im Bewegungsapparat und anderen gesundheitlichen Themen, f\u00fcr Sportler nach Verletzungen zur Rehabilitation, zur Gewichtsreduktion, bei Augenproblemen und als Golf Physio Trainer an. Einzelpersonen aller Altersgruppen, von Kindern, Jugendlichen zu Berufst\u00e4tigen bis hin zu Senioren als auch einige Unternehmen geh\u00f6ren zu Ihren langj\u00e4hrigen Kunden, die sie erfolgreich betreut und begleitet.<\/p>\n<p>Aus der Wirbels\u00e4ulentherapie heraus hat sich vor mehr als 10 Jahren das Augentraining entwickelt. Da Mag. Silvia Weigl gut die Zusammenh\u00e4nge im K\u00f6rper, durch die Beobachtung der Bewegungsmuster, von Blockierungen in der Halswirbels\u00e4ule, Verschlechterung der Sehkraft, einem verspannten R\u00fccken und dem wesentlichen Einfluss auf die Sehst\u00e4rke, durch schwache Atmung, einem zu hohem oder niederem Blutdruck der verschwommenes Sehen verursacht, aber auch der Energiefluss in den Knien, die Einfluss haben auf das Sehen u.v.m. erkennen konnte.<\/p>\n<p>&nbsp;<\/p>\n<p class=\"\"><a href=\"http:\/\/www.elements.co.at\/augentraining\/\">&lt; ZUR\u00dcCK<\/a><\/p>\n<p>[\/et_pb_text][\/et_pb_column][\/et_pb_row][\/et_pb_section]<\/p>\n","protected":false},"excerpt":{"rendered":"<p>[et_pb_section bb_built=&#8220;1&#8243; _builder_version=&#8220;3.0.47&#8243;][et_pb_row _builder_version=&#8220;3.0.47&#8243; background_size=&#8220;initial&#8220; background_position=&#8220;top_left&#8220; background_repeat=&#8220;repeat&#8220;][et_pb_column type=&#8220;1_3&#8243;][et_pb_image src=&#8220;http:\/\/www.elements.co.at\/wp-content\/uploads\/2017\/07\/Silvia_Weigl_Golf.png&#8220; _builder_version=&#8220;3.0.63&#8243; \/][\/et_pb_column][et_pb_column type=&#8220;2_3&#8243;][et_pb_text _builder_version=&#8220;3.0.63&#8243; background_layout=&#8220;light&#8220; text_orientation=&#8220;left&#8220; border_style=&#8220;solid&#8220;] Mag. Silvia Weigl hat in Graz Sportwissenschaften studiert und durch Ihre Leidenschaft zum Sport einen wunderbaren Bezug zum physischen K\u00f6rper als auch zu diversen Trainingsmethoden entwickelt. Nach Abschluss des Studiums hat sie in ihrer langj\u00e4hrigen T\u00e4tigkeit im Management eines [&hellip;]<\/p>\n","protected":false},"author":1,"featured_media":0,"parent":0,"menu_order":0,"comment_status":"closed","ping_status":"closed","template":"","meta":[],"_links":{"self":[{"href":"http:\/\/www.elements.co.at\/augentraining\/wp-json\/wp\/v2\/pages\/3463"}],"collection":[{"href":"http:\/\/www.elements.co.at\/augentraining\/wp-json\/wp\/v2\/pages"}],"about":[{"href":"http:\/\/www.elements.co.at\/augentraining\/wp-json\/wp\/v2\/types\/page"}],"author":[{"embeddable":true,"href":"http:\/\/www.elements.co.at\/augentraining\/wp-json\/wp\/v2\/users\/1"}],"replies":[{"embeddable":true,"href":"http:\/\/www.elements.co.at\/augentraining\/wp-json\/wp\/v2\/comments?post=3463"}],"version-history":[{"count":5,"href":"http:\/\/www.elements.co.at\/augentraining\/wp-json\/wp\/v2\/pages\/3463\/revisions"}],"predecessor-version":[{"id":3483,"href":"http:\/\/www.elements.co.at\/augentraining\/wp-json\/wp\/v2\/pages\/3463\/revisions\/3483"}],"wp:attachment":[{"href":"http:\/\/www.elements.co.at\/augentraining\/wp-json\/wp\/v2\/media?parent=3463"}],"curies":[{"name":"wp","href":"https:\/\/api.w.org\/{rel}","templated":true}]}}